{"id":400,"date":"2023-10-23T10:05:46","date_gmt":"2023-10-23T10:05:46","guid":{"rendered":"https:\/\/tairu.cat\/servicios\/venta\/"},"modified":"2024-05-10T08:25:14","modified_gmt":"2024-05-10T08:25:14","slug":"venda","status":"publish","type":"page","link":"https:\/\/tairu.cat\/ca\/servicios\/venda\/","title":{"rendered":"Venda"},"content":{"rendered":"<div id='full_slider_1'  class='avia-fullwidth-slider main_color avia-shadow   avia-builder-el-0  el_before_av_one_half  avia-builder-el-first   container_wrap fullsize'  ><div  class='avia-slideshow av-2uaco-c5a61a5541bfd3b878928892b289bdfb avia-slideshow-featured av_slideshow_full avia-slide-slider av-slideshow-ui av-control-default av-slideshow-manual av-loop-once av-loop-manual-endless av-default-height-applied   avia-slideshow-1' data-slideshow-options=\"{&quot;animation&quot;:&quot;slide&quot;,&quot;autoplay&quot;:false,&quot;loop_autoplay&quot;:&quot;once&quot;,&quot;interval&quot;:5,&quot;loop_manual&quot;:&quot;manual-endless&quot;,&quot;autoplay_stopper&quot;:false,&quot;noNavigation&quot;:false,&quot;bg_slider&quot;:false,&quot;keep_padding&quot;:false,&quot;hoverpause&quot;:false,&quot;show_slide_delay&quot;:0}\"  itemprop=\"image\" itemscope=\"itemscope\" itemtype=\"https:\/\/schema.org\/ImageObject\" ><ul class='avia-slideshow-inner ' style='padding-bottom: 28.666666666667%;'><li  class='avia-slideshow-slide av-2uaco-c5a61a5541bfd3b878928892b289bdfb__0  av-single-slide slide-1 slide-odd'><div data-rel='slideshow-1' class='avia-slide-wrap '   ><div class='av-slideshow-caption av-2uaco-c5a61a5541bfd3b878928892b289bdfb__0 caption_fullwidth caption_center caption_center_framed caption_framed'><div class=\"container caption_container\"><div class=\"slideshow_caption\"><div class=\"slideshow_inner_caption\"><div class=\"slideshow_align_caption\"><h2 class='avia-caption-title '  itemprop=\"name\" >En caso de Venta<\/h2><\/div><\/div><\/div><\/div><\/div><img decoding=\"async\" fetchpriority=\"high\" class=\"wp-image-270 avia-img-lazy-loading-not-270\"  src=\"https:\/\/tairu.cat\/wp-content\/uploads\/2024\/02\/21.-COMEDOR-SOLARIUM-1-de-2-1500x430.jpg\" width=\"1500\" height=\"430\" title='21. COMEDOR SOLARIUM (1 de 2)' alt=''  itemprop=\"thumbnailUrl\"   \/><\/div><\/li><\/ul><\/div><\/div><div id='after_full_slider_1'  class='main_color av_default_container_wrap container_wrap fullsize'  ><div class='container av-section-cont-open' ><div class='template-page content  av-content-full alpha units'><div class='post-entry post-entry-type-page post-entry-400'><div class='entry-content-wrapper clearfix'>\n<div  class='flex_column av-1c1t0-02bbf8c53d92f07dc61eeaf2f327b586 av_one_half  avia-builder-el-1  el_after_av_slideshow_full  el_before_av_one_half  avia-builder-el-first  first flex_column_div  '     ><p><section  class='av_textblock_section av-loiijbn8-5f13ed467daa425519d3558b022cfdfb '   itemscope=\"itemscope\" itemtype=\"https:\/\/schema.org\/CreativeWork\" ><div class='avia_textblock'  itemprop=\"text\" ><p>Nuestro enfoque integral en el proceso de venta garantiza resultados \u00f3ptimos y la m\u00e1xima satisfacci\u00f3n del cliente. Desde un estudio detallado del mercado hasta una promoci\u00f3n amplia y asesoramiento personalizado, nos encargamos de cada paso para asegurar una venta exitosa.<\/p>\n<\/div><\/section><br \/>\n\n<style type=\"text\/css\" data-created_by=\"avia_inline_auto\" id=\"style-css-av-loiiki1k-7686b58088ff741b2903e19bd489ed5a\">\n#top .togglecontainer.av-loiiki1k-7686b58088ff741b2903e19bd489ed5a p.toggler{\nfont-size:16px;\ncolor:#000000;\nbackground-color:#d6d6d6;\nborder-color:#595959;\n}\n#top .togglecontainer.av-loiiki1k-7686b58088ff741b2903e19bd489ed5a p.toggler .toggle_icon{\ncolor:#a50e36;\nborder-color:#a50e36;\n}\n#top .togglecontainer.av-loiiki1k-7686b58088ff741b2903e19bd489ed5a p.toggler .toggle_icon > span{\ncolor:#a50e36;\nborder-color:#a50e36;\n}\n#top .togglecontainer.av-loiiki1k-7686b58088ff741b2903e19bd489ed5a .toggle_wrap .toggle_content{\ncolor:#000000;\nbackground-color:#d6d6d6;\nborder-color:#595959;\n}\n<\/style>\n<div  class='togglecontainer av-loiiki1k-7686b58088ff741b2903e19bd489ed5a av-minimal-toggle  avia-builder-el-3  el_after_av_textblock  avia-builder-el-last  toggle_close_all' >\n<section class='av_toggle_section av-loiik8yg-f889e4c9a250b91ae8b62eca760633a1'  itemscope=\"itemscope\" itemtype=\"https:\/\/schema.org\/CreativeWork\" ><div role=\"tablist\" class=\"single_toggle\" data-tags=\"{All} \"  ><p id='toggle-toggle-id-1' data-fake-id='#toggle-id-1' class='toggler  activeTitle av-title-above av-inherit-border-color'  itemprop=\"headline\"  role='tab' tabindex='0' aria-controls='toggle-id-1' data-slide-speed=\"200\" data-title=\"Estudio de Mercado y Valoraci\u00f3n: \" data-title-open=\"\" data-aria_collapsed=\"Click to expand: Estudio de Mercado y Valoraci\u00f3n: \" data-aria_expanded=\"Click to collapse: Estudio de Mercado y Valoraci\u00f3n: \">Estudio de Mercado y Valoraci\u00f3n: <span class=\"toggle_icon\"><span class=\"vert_icon\"><\/span><span class=\"hor_icon\"><\/span><\/span><\/p><div id='toggle-id-1' aria-labelledby='toggle-toggle-id-1' role='region' class='toggle_wrap  active_tc av-title-above' style='display:block;' ><div class='toggle_content invers-color av-inherit-border-color'  itemprop=\"text\" ><p>Realizamos un estudio exhaustivo del mercado inmobiliario, considerando valores de propiedades vendidas recientemente, las propiedades en venta actualmente, as\u00ed como la experiencia profesional del asesor y las condiciones de financiamiento. Esto nos permite ofrecer valoraciones precisas y actualizadas de tu propiedad.<\/p>\n<\/div><\/div><\/div><\/section>\n<section class='av_toggle_section av-loiikgwu-1add2384899db74c6756184e0baec1f0'  itemscope=\"itemscope\" itemtype=\"https:\/\/schema.org\/CreativeWork\" ><div role=\"tablist\" class=\"single_toggle\" data-tags=\"{All} \"  ><p id='toggle-toggle-id-2' data-fake-id='#toggle-id-2' class='toggler  av-title-above av-inherit-border-color'  itemprop=\"headline\"  role='tab' tabindex='0' aria-controls='toggle-id-2' data-slide-speed=\"200\" data-title=\"Selecci\u00f3n Cuidadosa de Visitas:\" data-title-open=\"\" data-aria_collapsed=\"Click to expand: Selecci\u00f3n Cuidadosa de Visitas:\" data-aria_expanded=\"Click to collapse: Selecci\u00f3n Cuidadosa de Visitas:\">Selecci\u00f3n Cuidadosa de Visitas:<span class=\"toggle_icon\"><span class=\"vert_icon\"><\/span><span class=\"hor_icon\"><\/span><\/span><\/p><div id='toggle-id-2' aria-labelledby='toggle-toggle-id-2' role='region' class='toggle_wrap  av-title-above'  ><div class='toggle_content invers-color av-inherit-border-color'  itemprop=\"text\" ><p>Entendemos la importancia de las visitas a tu propiedad y las gestionamos cuidadosamente para garantizar una experiencia sin molestias y con m\u00e1xima eficiencia. Nos aseguramos de que cada visita est\u00e9 calificada y sea potencialmente un comprador serio.<\/p>\n<\/div><\/div><\/div><\/section>\n<section class='av_toggle_section av-loiikgwu-1-399060e68a4f81476cd53ad49986ab27'  itemscope=\"itemscope\" itemtype=\"https:\/\/schema.org\/CreativeWork\" ><div role=\"tablist\" class=\"single_toggle\" data-tags=\"{All} \"  ><p id='toggle-toggle-id-3' data-fake-id='#toggle-id-3' class='toggler  av-title-above av-inherit-border-color'  itemprop=\"headline\"  role='tab' tabindex='0' aria-controls='toggle-id-3' data-slide-speed=\"200\" data-title=\"Soluciones Hipotecarias Personalizadas:\" data-title-open=\"\" data-aria_collapsed=\"Click to expand: Soluciones Hipotecarias Personalizadas:\" data-aria_expanded=\"Click to collapse: Soluciones Hipotecarias Personalizadas:\">Soluciones Hipotecarias Personalizadas:<span class=\"toggle_icon\"><span class=\"vert_icon\"><\/span><span class=\"hor_icon\"><\/span><\/span><\/p><div id='toggle-id-3' aria-labelledby='toggle-toggle-id-3' role='region' class='toggle_wrap  av-title-above'  ><div class='toggle_content invers-color av-inherit-border-color'  itemprop=\"text\" ><p>Sabemos que la financiaci\u00f3n puede ser un aspecto crucial en el proceso de compra. Por ello, ofrecemos asesoramiento especializado en soluciones hipotecarias adaptadas a las necesidades individuales de cada comprador, facilitando as\u00ed el proceso de venta.<\/p>\n<\/div><\/div><\/div><\/section>\n<\/div><\/p><\/div>\n<div  class='flex_column av-11pns-4fcef5aac69eafa46ad2505d580753d9 av_one_half  avia-builder-el-4  el_after_av_one_half  avia-builder-el-last  flex_column_div  '     ><style type=\"text\/css\" data-created_by=\"avia_inline_auto\" id=\"style-css-av-loiim8mt-4f60d52921ee1cc0bd9664bd5d8b5b1f\">\n#top .togglecontainer.av-loiim8mt-4f60d52921ee1cc0bd9664bd5d8b5b1f p.toggler{\nfont-size:16px;\ncolor:#000000;\nbackground-color:#d6d6d6;\nborder-color:#9e9e9e;\n}\n#top .togglecontainer.av-loiim8mt-4f60d52921ee1cc0bd9664bd5d8b5b1f p.toggler .toggle_icon{\ncolor:#a50e36;\nborder-color:#a50e36;\n}\n#top .togglecontainer.av-loiim8mt-4f60d52921ee1cc0bd9664bd5d8b5b1f p.toggler .toggle_icon > span{\ncolor:#a50e36;\nborder-color:#a50e36;\n}\n#top .togglecontainer.av-loiim8mt-4f60d52921ee1cc0bd9664bd5d8b5b1f .toggle_wrap .toggle_content{\ncolor:#000000;\nbackground-color:#d6d6d6;\nborder-color:#9e9e9e;\n}\n<\/style>\n<div  class='togglecontainer av-loiim8mt-4f60d52921ee1cc0bd9664bd5d8b5b1f av-minimal-toggle  avia-builder-el-5  avia-builder-el-no-sibling  toggle_close_all' >\n<section class='av_toggle_section av-loiikszu-7de103d50f7ce3e4a1d8132646a6cd11'  itemscope=\"itemscope\" itemtype=\"https:\/\/schema.org\/CreativeWork\" ><div role=\"tablist\" class=\"single_toggle\" data-tags=\"{All} \"  ><p id='toggle-toggle-id-4' data-fake-id='#toggle-id-4' class='toggler  av-title-above av-inherit-border-color'  itemprop=\"headline\"  role='tab' tabindex='0' aria-controls='toggle-id-4' data-slide-speed=\"200\" data-title=\"Examen Documental Completo:\" data-title-open=\"\" data-aria_collapsed=\"Click to expand: Examen Documental Completo:\" data-aria_expanded=\"Click to collapse: Examen Documental Completo:\">Examen Documental Completo:<span class=\"toggle_icon\"><span class=\"vert_icon\"><\/span><span class=\"hor_icon\"><\/span><\/span><\/p><div id='toggle-id-4' aria-labelledby='toggle-toggle-id-4' role='region' class='toggle_wrap  av-title-above'  ><div class='toggle_content invers-color av-inherit-border-color'  itemprop=\"text\" ><p>Llevamos a cabo un examen minucioso de toda la documentaci\u00f3n relacionada con tu propiedad, incluyendo an\u00e1lisis de titularidad, estado catastral, cargas y grav\u00e1menes registrados. Esto garantiza que la transacci\u00f3n se realice de manera transparente y sin contratiempos legales.<\/p>\n<\/div><\/div><\/div><\/section>\n<section class='av_toggle_section av-loiil11a-a8d5454d9397576d830a17cd2c31d90d'  itemscope=\"itemscope\" itemtype=\"https:\/\/schema.org\/CreativeWork\" ><div role=\"tablist\" class=\"single_toggle\" data-tags=\"{All} \"  ><p id='toggle-toggle-id-5' data-fake-id='#toggle-id-5' class='toggler  av-title-above av-inherit-border-color'  itemprop=\"headline\"  role='tab' tabindex='0' aria-controls='toggle-id-5' data-slide-speed=\"200\" data-title=\"An\u00e1lisis T\u00e9cnico y Presentaci\u00f3n \u00d3ptima:\" data-title-open=\"\" data-aria_collapsed=\"Click to expand: An\u00e1lisis T\u00e9cnico y Presentaci\u00f3n \u00d3ptima:\" data-aria_expanded=\"Click to collapse: An\u00e1lisis T\u00e9cnico y Presentaci\u00f3n \u00d3ptima:\">An\u00e1lisis T\u00e9cnico y Presentaci\u00f3n \u00d3ptima:<span class=\"toggle_icon\"><span class=\"vert_icon\"><\/span><span class=\"hor_icon\"><\/span><\/span><\/p><div id='toggle-id-5' aria-labelledby='toggle-toggle-id-5' role='region' class='toggle_wrap  av-title-above'  ><div class='toggle_content invers-color av-inherit-border-color'  itemprop=\"text\" ><p>Realizamos un an\u00e1lisis t\u00e9cnico detallado del estado del inmueble para identificar posibles mejoras y asegurar una presentaci\u00f3n \u00f3ptima en el mercado. Adem\u00e1s, ofrecemos servicios de Home Staging para realzar la apariencia de la propiedad y aumentar su atractivo para los compradores.<\/p>\n<\/div><\/div><\/div><\/section>\n<section class='av_toggle_section av-loiilbi6-47dfcb712aa0da2e809475f373c2a127'  itemscope=\"itemscope\" itemtype=\"https:\/\/schema.org\/CreativeWork\" ><div role=\"tablist\" class=\"single_toggle\" data-tags=\"{All} \"  ><p id='toggle-toggle-id-6' data-fake-id='#toggle-id-6' class='toggler  av-title-above av-inherit-border-color'  itemprop=\"headline\"  role='tab' tabindex='0' aria-controls='toggle-id-6' data-slide-speed=\"200\" data-title=\"Asesoramiento Jur\u00eddico y Fiscal:\" data-title-open=\"\" data-aria_collapsed=\"Click to expand: Asesoramiento Jur\u00eddico y Fiscal:\" data-aria_expanded=\"Click to collapse: Asesoramiento Jur\u00eddico y Fiscal:\">Asesoramiento Jur\u00eddico y Fiscal:<span class=\"toggle_icon\"><span class=\"vert_icon\"><\/span><span class=\"hor_icon\"><\/span><\/span><\/p><div id='toggle-id-6' aria-labelledby='toggle-toggle-id-6' role='region' class='toggle_wrap  av-title-above'  ><div class='toggle_content invers-color av-inherit-border-color'  itemprop=\"text\" ><p>Nuestro equipo especializado brinda asesoramiento completo en aspectos jur\u00eddicos y fiscales relacionados con la venta de tu propiedad. Desde la preparaci\u00f3n de contratos hasta la resoluci\u00f3n de cualquier problema legal, estamos aqu\u00ed para asegurarnos de que est\u00e9s protegido en cada paso del proceso.<\/p>\n<\/div><\/div><\/div><\/section>\n<section class='av_toggle_section av-loiilmch-f7ebbe6550af6083226d7bc0d0d26911'  itemscope=\"itemscope\" itemtype=\"https:\/\/schema.org\/CreativeWork\" ><div role=\"tablist\" class=\"single_toggle\" data-tags=\"{All} \"  ><p id='toggle-toggle-id-7' data-fake-id='#toggle-id-7' class='toggler  av-title-above av-inherit-border-color'  itemprop=\"headline\"  role='tab' tabindex='0' aria-controls='toggle-id-7' data-slide-speed=\"200\" data-title=\"Promoci\u00f3n Estrat\u00e9gica:\" data-title-open=\"\" data-aria_collapsed=\"Click to expand: Promoci\u00f3n Estrat\u00e9gica:\" data-aria_expanded=\"Click to collapse: Promoci\u00f3n Estrat\u00e9gica:\">Promoci\u00f3n Estrat\u00e9gica:<span class=\"toggle_icon\"><span class=\"vert_icon\"><\/span><span class=\"hor_icon\"><\/span><\/span><\/p><div id='toggle-id-7' aria-labelledby='toggle-toggle-id-7' role='region' class='toggle_wrap  av-title-above'  ><div class='toggle_content invers-color av-inherit-border-color'  itemprop=\"text\" ><p>Utilizamos estrategias de promoci\u00f3n efectivas, incluyendo una amplia presencia en portales inmobiliarios nacionales e internacionales, as\u00ed como en redes sociales y con nuestra red de inversores, garantizando una exposici\u00f3n \u00f3ptima y alcanzando a una amplia audiencia de potenciales compradores.<\/p>\n<\/div><\/div><\/div><\/section>\n<section class='av_toggle_section av-loiilwph-1d460ea13ccf7951cfef28d6eb3f5acf'  itemscope=\"itemscope\" itemtype=\"https:\/\/schema.org\/CreativeWork\" ><div role=\"tablist\" class=\"single_toggle\" data-tags=\"{All} \"  ><p id='toggle-toggle-id-8' data-fake-id='#toggle-id-8' class='toggler  av-title-above av-inherit-border-color'  itemprop=\"headline\"  role='tab' tabindex='0' aria-controls='toggle-id-8' data-slide-speed=\"200\" data-title=\"Asesoramiento Personalizado en todo Momento:\" data-title-open=\"\" data-aria_collapsed=\"Click to expand: Asesoramiento Personalizado en todo Momento:\" data-aria_expanded=\"Click to collapse: Asesoramiento Personalizado en todo Momento:\">Asesoramiento Personalizado en todo Momento:<span class=\"toggle_icon\"><span class=\"vert_icon\"><\/span><span class=\"hor_icon\"><\/span><\/span><\/p><div id='toggle-id-8' aria-labelledby='toggle-toggle-id-8' role='region' class='toggle_wrap  av-title-above'  ><div class='toggle_content invers-color av-inherit-border-color'  itemprop=\"text\" ><p>Sabemos que cada venta es \u00fanica y requiere un enfoque personalizado. Por eso, nuestro equipo te brinda asesoramiento experto en todo momento, desde la valoraci\u00f3n inicial hasta el cierre de la venta, asegur\u00e1ndonos de que tus necesidades y objetivos sean siempre nuestra m\u00e1xima prioridad.<\/p>\n<\/div><\/div><\/div><\/section>\n<section class='av_toggle_section av-loiim65t-7806e042549a1d6425c5e5c396e62b85'  itemscope=\"itemscope\" itemtype=\"https:\/\/schema.org\/CreativeWork\" ><div role=\"tablist\" class=\"single_toggle\" data-tags=\"{All} \"  ><p id='toggle-toggle-id-9' data-fake-id='#toggle-id-9' class='toggler  av-title-above av-inherit-border-color'  itemprop=\"headline\"  role='tab' tabindex='0' aria-controls='toggle-id-9' data-slide-speed=\"200\" data-title=\"Material Gr\u00e1fico Publicitario de Calidad:\" data-title-open=\"\" data-aria_collapsed=\"Click to expand: Material Gr\u00e1fico Publicitario de Calidad:\" data-aria_expanded=\"Click to collapse: Material Gr\u00e1fico Publicitario de Calidad:\">Material Gr\u00e1fico Publicitario de Calidad:<span class=\"toggle_icon\"><span class=\"vert_icon\"><\/span><span class=\"hor_icon\"><\/span><\/span><\/p><div id='toggle-id-9' aria-labelledby='toggle-toggle-id-9' role='region' class='toggle_wrap  av-title-above'  ><div class='toggle_content invers-color av-inherit-border-color'  itemprop=\"text\" ><p>Preparamos material gr\u00e1fico publicitario de alta calidad para destacar las caracter\u00edsticas y ventajas de tu propiedad en el mercado. Desde fotograf\u00edas profesionales hasta descripciones detalladas, nos aseguramos de que tu propiedad se presente de manera atractiva y convincente para los compradores potenciales.<\/p>\n<\/div><\/div><\/div><\/section>\n<\/div><\/div>\n","protected":false},"excerpt":{"rendered":"","protected":false},"author":1,"featured_media":0,"parent":396,"menu_order":0,"comment_status":"closed","ping_status":"closed","template":"","meta":{"footnotes":""},"class_list":["post-400","page","type-page","status-publish","hentry"],"yoast_head":"<!-- This site is optimized with the Yoast SEO plugin v27.5 - https:\/\/yoast.com\/product\/yoast-seo-wordpress\/ -->\n<title>Venda - Tairu<\/title>\n<meta name=\"description\" content=\"Maximiza el valor de tu propiedad con nuestros servicios de venta. Te guiaremos hacia una venta exitosa de tu inmueble.\" \/>\n<meta name=\"robots\" content=\"index, follow, max-snippet:-1, max-image-preview:large, max-video-preview:-1\" \/>\n<link rel=\"canonical\" href=\"https:\/\/tairu.cat\/ca\/servicios\/venda\/\" \/>\n<meta property=\"og:locale\" content=\"ca_ES\" \/>\n<meta property=\"og:type\" content=\"article\" \/>\n<meta property=\"og:title\" content=\"Venda - Tairu\" \/>\n<meta property=\"og:description\" content=\"Maximiza el valor de tu propiedad con nuestros servicios de venta. Te guiaremos hacia una venta exitosa de tu inmueble.\" \/>\n<meta property=\"og:url\" content=\"https:\/\/tairu.cat\/ca\/servicios\/venda\/\" \/>\n<meta property=\"og:site_name\" content=\"Tairu\" \/>\n<meta property=\"article:modified_time\" content=\"2024-05-10T08:25:14+00:00\" \/>\n<meta name=\"twitter:card\" content=\"summary_large_image\" \/>\n<meta name=\"twitter:label1\" content=\"Temps estimat de lectura\" \/>\n\t<meta name=\"twitter:data1\" content=\"3 minuts\" \/>\n<script type=\"application\/ld+json\" class=\"yoast-schema-graph\">{\"@context\":\"https:\\\/\\\/schema.org\",\"@graph\":[{\"@type\":\"WebPage\",\"@id\":\"https:\\\/\\\/tairu.cat\\\/ca\\\/servicios\\\/venda\\\/\",\"url\":\"https:\\\/\\\/tairu.cat\\\/ca\\\/servicios\\\/venda\\\/\",\"name\":\"Venda - Tairu\",\"isPartOf\":{\"@id\":\"https:\\\/\\\/tairu.cat\\\/ca\\\/#website\"},\"datePublished\":\"2023-10-23T10:05:46+00:00\",\"dateModified\":\"2024-05-10T08:25:14+00:00\",\"description\":\"Maximiza el valor de tu propiedad con nuestros servicios de venta. Te guiaremos hacia una venta exitosa de tu inmueble.\",\"breadcrumb\":{\"@id\":\"https:\\\/\\\/tairu.cat\\\/ca\\\/servicios\\\/venda\\\/#breadcrumb\"},\"inLanguage\":\"ca\",\"potentialAction\":[{\"@type\":\"ReadAction\",\"target\":[\"https:\\\/\\\/tairu.cat\\\/ca\\\/servicios\\\/venda\\\/\"]}]},{\"@type\":\"BreadcrumbList\",\"@id\":\"https:\\\/\\\/tairu.cat\\\/ca\\\/servicios\\\/venda\\\/#breadcrumb\",\"itemListElement\":[{\"@type\":\"ListItem\",\"position\":1,\"name\":\"Home\",\"item\":\"https:\\\/\\\/tairu.cat\\\/ca\\\/inici\\\/\"},{\"@type\":\"ListItem\",\"position\":2,\"name\":\"Servicios\",\"item\":\"https:\\\/\\\/tairu.cat\\\/ca\\\/servicios\\\/\"},{\"@type\":\"ListItem\",\"position\":3,\"name\":\"Venda\"}]},{\"@type\":\"WebSite\",\"@id\":\"https:\\\/\\\/tairu.cat\\\/ca\\\/#website\",\"url\":\"https:\\\/\\\/tairu.cat\\\/ca\\\/\",\"name\":\"Tairu\",\"description\":\"\",\"potentialAction\":[{\"@type\":\"SearchAction\",\"target\":{\"@type\":\"EntryPoint\",\"urlTemplate\":\"https:\\\/\\\/tairu.cat\\\/ca\\\/?s={search_term_string}\"},\"query-input\":{\"@type\":\"PropertyValueSpecification\",\"valueRequired\":true,\"valueName\":\"search_term_string\"}}],\"inLanguage\":\"ca\"}]}<\/script>\n<!-- \/ Yoast SEO plugin. -->","yoast_head_json":{"title":"Venda - Tairu","description":"Maximiza el valor de tu propiedad con nuestros servicios de venta. Te guiaremos hacia una venta exitosa de tu inmueble.","robots":{"index":"index","follow":"follow","max-snippet":"max-snippet:-1","max-image-preview":"max-image-preview:large","max-video-preview":"max-video-preview:-1"},"canonical":"https:\/\/tairu.cat\/ca\/servicios\/venda\/","og_locale":"ca_ES","og_type":"article","og_title":"Venda - Tairu","og_description":"Maximiza el valor de tu propiedad con nuestros servicios de venta. Te guiaremos hacia una venta exitosa de tu inmueble.","og_url":"https:\/\/tairu.cat\/ca\/servicios\/venda\/","og_site_name":"Tairu","article_modified_time":"2024-05-10T08:25:14+00:00","twitter_card":"summary_large_image","twitter_misc":{"Temps estimat de lectura":"3 minuts"},"schema":{"@context":"https:\/\/schema.org","@graph":[{"@type":"WebPage","@id":"https:\/\/tairu.cat\/ca\/servicios\/venda\/","url":"https:\/\/tairu.cat\/ca\/servicios\/venda\/","name":"Venda - Tairu","isPartOf":{"@id":"https:\/\/tairu.cat\/ca\/#website"},"datePublished":"2023-10-23T10:05:46+00:00","dateModified":"2024-05-10T08:25:14+00:00","description":"Maximiza el valor de tu propiedad con nuestros servicios de venta. Te guiaremos hacia una venta exitosa de tu inmueble.","breadcrumb":{"@id":"https:\/\/tairu.cat\/ca\/servicios\/venda\/#breadcrumb"},"inLanguage":"ca","potentialAction":[{"@type":"ReadAction","target":["https:\/\/tairu.cat\/ca\/servicios\/venda\/"]}]},{"@type":"BreadcrumbList","@id":"https:\/\/tairu.cat\/ca\/servicios\/venda\/#breadcrumb","itemListElement":[{"@type":"ListItem","position":1,"name":"Home","item":"https:\/\/tairu.cat\/ca\/inici\/"},{"@type":"ListItem","position":2,"name":"Servicios","item":"https:\/\/tairu.cat\/ca\/servicios\/"},{"@type":"ListItem","position":3,"name":"Venda"}]},{"@type":"WebSite","@id":"https:\/\/tairu.cat\/ca\/#website","url":"https:\/\/tairu.cat\/ca\/","name":"Tairu","description":"","potentialAction":[{"@type":"SearchAction","target":{"@type":"EntryPoint","urlTemplate":"https:\/\/tairu.cat\/ca\/?s={search_term_string}"},"query-input":{"@type":"PropertyValueSpecification","valueRequired":true,"valueName":"search_term_string"}}],"inLanguage":"ca"}]}},"_links":{"self":[{"href":"https:\/\/tairu.cat\/ca\/wp-json\/wp\/v2\/pages\/400","targetHints":{"allow":["GET"]}}],"collection":[{"href":"https:\/\/tairu.cat\/ca\/wp-json\/wp\/v2\/pages"}],"about":[{"href":"https:\/\/tairu.cat\/ca\/wp-json\/wp\/v2\/types\/page"}],"author":[{"embeddable":true,"href":"https:\/\/tairu.cat\/ca\/wp-json\/wp\/v2\/users\/1"}],"replies":[{"embeddable":true,"href":"https:\/\/tairu.cat\/ca\/wp-json\/wp\/v2\/comments?post=400"}],"version-history":[{"count":0,"href":"https:\/\/tairu.cat\/ca\/wp-json\/wp\/v2\/pages\/400\/revisions"}],"up":[{"embeddable":true,"href":"https:\/\/tairu.cat\/ca\/wp-json\/wp\/v2\/pages\/396"}],"wp:attachment":[{"href":"https:\/\/tairu.cat\/ca\/wp-json\/wp\/v2\/media?parent=400"}],"curies":[{"name":"wp","href":"https:\/\/api.w.org\/{rel}","templated":true}]}}