{"id":397,"date":"2023-10-23T10:06:05","date_gmt":"2023-10-23T10:06:05","guid":{"rendered":"https:\/\/tairu.cat\/servicios\/alquiler\/"},"modified":"2024-05-21T14:05:30","modified_gmt":"2024-05-21T14:05:30","slug":"alquiler","status":"publish","type":"page","link":"https:\/\/tairu.cat\/ca\/servicios\/alquiler\/","title":{"rendered":"Alquiler"},"content":{"rendered":"<div id='full_slider_1'  class='avia-fullwidth-slider main_color avia-shadow   avia-builder-el-0  el_before_av_one_half  avia-builder-el-first   container_wrap fullsize'  ><div  class='avia-slideshow av-loihr2x3-7e5f15fbb50435a716ddbeb936adeab1 avia-slideshow-featured av_slideshow_full avia-slide-slider av-slideshow-ui av-control-default av-slideshow-manual av-loop-once av-loop-manual-endless av-default-height-applied   avia-slideshow-1' data-slideshow-options=\"{&quot;animation&quot;:&quot;slide&quot;,&quot;autoplay&quot;:false,&quot;loop_autoplay&quot;:&quot;once&quot;,&quot;interval&quot;:5,&quot;loop_manual&quot;:&quot;manual-endless&quot;,&quot;autoplay_stopper&quot;:false,&quot;noNavigation&quot;:false,&quot;bg_slider&quot;:false,&quot;keep_padding&quot;:false,&quot;hoverpause&quot;:false,&quot;show_slide_delay&quot;:0}\"  itemprop=\"image\" itemscope=\"itemscope\" itemtype=\"https:\/\/schema.org\/ImageObject\" ><ul class='avia-slideshow-inner ' style='padding-bottom: 28.666666666667%;'><li  class='avia-slideshow-slide av-loihr2x3-7e5f15fbb50435a716ddbeb936adeab1__0  av-single-slide slide-1 slide-odd'><div data-rel='slideshow-1' class='avia-slide-wrap '   ><div class='av-slideshow-caption av-loihr2x3-7e5f15fbb50435a716ddbeb936adeab1__0 caption_fullwidth caption_center caption_center_framed caption_framed'><div class=\"container caption_container\"><div class=\"slideshow_caption\"><div class=\"slideshow_inner_caption\"><div class=\"slideshow_align_caption\"><h2 class='avia-caption-title '  itemprop=\"name\" >En caso de Alquiler<\/h2><\/div><\/div><\/div><\/div><\/div><img decoding=\"async\" fetchpriority=\"high\" class=\"wp-image-267 avia-img-lazy-loading-not-267\"  src=\"https:\/\/tairu.cat\/wp-content\/uploads\/2024\/02\/IMG_20230922_122116-1500x430.jpg\" width=\"1500\" height=\"430\" title='IMG_20230922_122116' alt=''  itemprop=\"thumbnailUrl\"   \/><\/div><\/li><\/ul><\/div><\/div><div id='after_full_slider_1'  class='main_color av_default_container_wrap container_wrap fullsize'  ><div class='container av-section-cont-open' ><div class='template-page content  av-content-full alpha units'><div class='post-entry post-entry-type-page post-entry-397'><div class='entry-content-wrapper clearfix'>\n<div  class='flex_column av-1bfte-661c89a937843c50dc2e48bf5db29329 av_one_half  avia-builder-el-1  el_after_av_slideshow_full  el_before_av_one_half  avia-builder-el-first  first flex_column_div  '     ><p><section  class='av_textblock_section av-loihv4t9-0ac920170e1ab525586afcc2eca942f9 '   itemscope=\"itemscope\" itemtype=\"https:\/\/schema.org\/CreativeWork\" ><div class='avia_textblock'  itemprop=\"text\" ><p>En Tairu ofrecemos soluciones integrales en alquiler, adaptadas a tus necesidades espec\u00edficas. Desde alquileres de larga estancia hasta alquileres de temporada. Nuestro objetivo es maximizar la rentabilidad de tu propiedad.<\/p>\n<\/div><\/section><br \/>\n\n<style type=\"text\/css\" data-created_by=\"avia_inline_auto\" id=\"style-css-av-loii7s9v-b8fea79a2a1b246ab6d4303e5f8a14e8\">\n#top .togglecontainer.av-loii7s9v-b8fea79a2a1b246ab6d4303e5f8a14e8 p.toggler{\nfont-size:16px;\ncolor:#000000;\nbackground-color:#d6d6d6;\nborder-color:#595959;\n}\n#top .togglecontainer.av-loii7s9v-b8fea79a2a1b246ab6d4303e5f8a14e8 p.toggler .toggle_icon{\ncolor:#a50e36;\nborder-color:#a50e36;\n}\n#top .togglecontainer.av-loii7s9v-b8fea79a2a1b246ab6d4303e5f8a14e8 p.toggler .toggle_icon > span{\ncolor:#a50e36;\nborder-color:#a50e36;\n}\n#top .togglecontainer.av-loii7s9v-b8fea79a2a1b246ab6d4303e5f8a14e8 .toggle_wrap .toggle_content{\ncolor:#000000;\nbackground-color:#d6d6d6;\nborder-color:#595959;\n}\n<\/style>\n<div  class='togglecontainer av-loii7s9v-b8fea79a2a1b246ab6d4303e5f8a14e8 av-minimal-toggle  avia-builder-el-3  el_after_av_textblock  avia-builder-el-last  toggle_close_all' >\n<section class='av_toggle_section av-loii4pvc-1497f4ca588d98c791dea51e9283ba26'  itemscope=\"itemscope\" itemtype=\"https:\/\/schema.org\/CreativeWork\" ><div role=\"tablist\" class=\"single_toggle\" data-tags=\"{All} \"  ><p id='toggle-toggle-id-1' data-fake-id='#toggle-id-1' class='toggler  activeTitle av-title-above av-inherit-border-color'  itemprop=\"headline\"  role='tab' tabindex='0' aria-controls='toggle-id-1' data-slide-speed=\"200\" data-title=\"Asesoramiento Personalizado:\" data-title-open=\"\" data-aria_collapsed=\"Click to expand: Asesoramiento Personalizado:\" data-aria_expanded=\"Click to collapse: Asesoramiento Personalizado:\">Asesoramiento Personalizado:<span class=\"toggle_icon\"><span class=\"vert_icon\"><\/span><span class=\"hor_icon\"><\/span><\/span><\/p><div id='toggle-id-1' aria-labelledby='toggle-toggle-id-1' role='region' class='toggle_wrap  active_tc av-title-above' style='display:block;' ><div class='toggle_content invers-color av-inherit-border-color'  itemprop=\"text\" ><p>Antes de comenzar el proceso de alquiler, realizamos una visita al inmueble para evaluar el entorno, su estado y ofrecerte recomendaciones sobre posibles mejoras que podr\u00edan aumentar su atractivo y valor en el mercado. Adem\u00e1s, te asesoramos sobre la modalidad de alquiler m\u00e1s adecuada seg\u00fan tus objetivos.<\/p>\n<\/div><\/div><\/div><\/section>\n<section class='av_toggle_section av-loii4yt7-f65e37e97d6210dc2f1649139a0d0f0c'  itemscope=\"itemscope\" itemtype=\"https:\/\/schema.org\/CreativeWork\" ><div role=\"tablist\" class=\"single_toggle\" data-tags=\"{All} \"  ><p id='toggle-toggle-id-2' data-fake-id='#toggle-id-2' class='toggler  av-title-above av-inherit-border-color'  itemprop=\"headline\"  role='tab' tabindex='0' aria-controls='toggle-id-2' data-slide-speed=\"200\" data-title=\"Gesti\u00f3n Comercial Eficaz:\" data-title-open=\"\" data-aria_collapsed=\"Click to expand: Gesti\u00f3n Comercial Eficaz:\" data-aria_expanded=\"Click to collapse: Gesti\u00f3n Comercial Eficaz:\">Gesti\u00f3n Comercial Eficaz:<span class=\"toggle_icon\"><span class=\"vert_icon\"><\/span><span class=\"hor_icon\"><\/span><\/span><\/p><div id='toggle-id-2' aria-labelledby='toggle-toggle-id-2' role='region' class='toggle_wrap  av-title-above'  ><div class='toggle_content invers-color av-inherit-border-color'  itemprop=\"text\" ><p>Nos encargamos de la gesti\u00f3n comercial integral, desde la promoci\u00f3n del inmueble hasta la selecci\u00f3n del inquilino adecuado. Utilizamos estrategias efectivas para asegurar una ocupaci\u00f3n r\u00e1pida y rentable.<\/p>\n<\/div><\/div><\/div><\/section>\n<\/div><\/p><\/div><div  class='flex_column av-o6e6-fa60c78a12dceecbd704a1a505912c0b av_one_half  avia-builder-el-4  el_after_av_one_half  avia-builder-el-last  flex_column_div  '     ><style type=\"text\/css\" data-created_by=\"avia_inline_auto\" id=\"style-css-av-loiib3lb-bc08baf826cc39e5bbc95673eb2ab3c4\">\n#top .togglecontainer.av-loiib3lb-bc08baf826cc39e5bbc95673eb2ab3c4 p.toggler{\nfont-size:16px;\ncolor:#000000;\nbackground-color:#d6d6d6;\nborder-color:#9e9e9e;\n}\n#top .togglecontainer.av-loiib3lb-bc08baf826cc39e5bbc95673eb2ab3c4 p.toggler .toggle_icon{\ncolor:#a50e36;\nborder-color:#a50e36;\n}\n#top .togglecontainer.av-loiib3lb-bc08baf826cc39e5bbc95673eb2ab3c4 p.toggler .toggle_icon > span{\ncolor:#a50e36;\nborder-color:#a50e36;\n}\n#top .togglecontainer.av-loiib3lb-bc08baf826cc39e5bbc95673eb2ab3c4 .toggle_wrap .toggle_content{\ncolor:#000000;\nbackground-color:#d6d6d6;\nborder-color:#9e9e9e;\n}\n<\/style>\n<div  class='togglecontainer av-loiib3lb-bc08baf826cc39e5bbc95673eb2ab3c4 av-minimal-toggle  avia-builder-el-5  avia-builder-el-no-sibling  toggle_close_all' >\n<section class='av_toggle_section av-loii8pk8-64c0e7880b425484c95686104504fb13'  itemscope=\"itemscope\" itemtype=\"https:\/\/schema.org\/CreativeWork\" ><div role=\"tablist\" class=\"single_toggle\" data-tags=\"{All} \"  ><p id='toggle-toggle-id-3' data-fake-id='#toggle-id-3' class='toggler  av-title-above av-inherit-border-color'  itemprop=\"headline\"  role='tab' tabindex='0' aria-controls='toggle-id-3' data-slide-speed=\"200\" data-title=\"Evaluaci\u00f3n del Inquilino:\" data-title-open=\"\" data-aria_collapsed=\"Click to expand: Evaluaci\u00f3n del Inquilino:\" data-aria_expanded=\"Click to collapse: Evaluaci\u00f3n del Inquilino:\">Evaluaci\u00f3n del Inquilino:<span class=\"toggle_icon\"><span class=\"vert_icon\"><\/span><span class=\"hor_icon\"><\/span><\/span><\/p><div id='toggle-id-3' aria-labelledby='toggle-toggle-id-3' role='region' class='toggle_wrap  av-title-above'  ><div class='toggle_content invers-color av-inherit-border-color'  itemprop=\"text\" ><p>Durante el proceso de selecci\u00f3n del inquilino, realizamos una evaluaci\u00f3n exhaustiva tanto a nivel personal como econ\u00f3mico para garantizar una estancia tranquila y una renta segura.<\/p>\n<\/div><\/div><\/div><\/section>\n<section class='av_toggle_section av-loii8ydd-2898eff121eba193e3bc9e489ae46453'  itemscope=\"itemscope\" itemtype=\"https:\/\/schema.org\/CreativeWork\" ><div role=\"tablist\" class=\"single_toggle\" data-tags=\"{All} \"  ><p id='toggle-toggle-id-4' data-fake-id='#toggle-id-4' class='toggler  av-title-above av-inherit-border-color'  itemprop=\"headline\"  role='tab' tabindex='0' aria-controls='toggle-id-4' data-slide-speed=\"200\" data-title=\"Formalizaci\u00f3n del Contrato:\" data-title-open=\"\" data-aria_collapsed=\"Click to expand: Formalizaci\u00f3n del Contrato:\" data-aria_expanded=\"Click to collapse: Formalizaci\u00f3n del Contrato:\">Formalizaci\u00f3n del Contrato:<span class=\"toggle_icon\"><span class=\"vert_icon\"><\/span><span class=\"hor_icon\"><\/span><\/span><\/p><div id='toggle-id-4' aria-labelledby='toggle-toggle-id-4' role='region' class='toggle_wrap  av-title-above'  ><div class='toggle_content invers-color av-inherit-border-color'  itemprop=\"text\" ><p>Una vez seleccionado el inquilino adecuado, redactamos y gestionamos el contrato de alquiler. Adem\u00e1s, nos encargamos del dep\u00f3sito de la fianza en el Incasol y realizamos el cambio de titularidad de los suministros.<\/p>\n<\/div><\/div><\/div><\/section>\n<section class='av_toggle_section av-loii96fr-680142ea8b0530f5fca317d80e86e0b7'  itemscope=\"itemscope\" itemtype=\"https:\/\/schema.org\/CreativeWork\" ><div role=\"tablist\" class=\"single_toggle\" data-tags=\"{All} \"  ><p id='toggle-toggle-id-5' data-fake-id='#toggle-id-5' class='toggler  av-title-above av-inherit-border-color'  itemprop=\"headline\"  role='tab' tabindex='0' aria-controls='toggle-id-5' data-slide-speed=\"200\" data-title=\"Seguridad Adicional:\" data-title-open=\"\" data-aria_collapsed=\"Click to expand: Seguridad Adicional:\" data-aria_expanded=\"Click to collapse: Seguridad Adicional:\">Seguridad Adicional:<span class=\"toggle_icon\"><span class=\"vert_icon\"><\/span><span class=\"hor_icon\"><\/span><\/span><\/p><div id='toggle-id-5' aria-labelledby='toggle-toggle-id-5' role='region' class='toggle_wrap  av-title-above'  ><div class='toggle_content invers-color av-inherit-border-color'  itemprop=\"text\" ><p>Para brindarte mayor tranquilidad, ofrecemos la opci\u00f3n de contratar seguros que protejan contra el impago de la renta, garantizando as\u00ed la seguridad financiera durante todo el periodo de alquiler.<\/p>\n<\/div><\/div><\/div><\/section>\n<\/div><\/div><\/p>\n","protected":false},"excerpt":{"rendered":"","protected":false},"author":1,"featured_media":0,"parent":396,"menu_order":0,"comment_status":"closed","ping_status":"closed","template":"","meta":{"footnotes":""},"class_list":["post-397","page","type-page","status-publish","hentry"],"yoast_head":"<!-- This site is optimized with the Yoast SEO plugin v27.5 - https:\/\/yoast.com\/product\/yoast-seo-wordpress\/ -->\n<title>Alquiler - Tairu<\/title>\n<meta name=\"description\" content=\"Descubre nuestros servicios integrales de alquiler. Te ayudamos a gestionar tu propiedad con confianza y eficiencia.\" \/>\n<meta name=\"robots\" content=\"index, follow, max-snippet:-1, max-image-preview:large, max-video-preview:-1\" \/>\n<link rel=\"canonical\" href=\"https:\/\/tairu.cat\/ca\/servicios\/alquiler\/\" \/>\n<meta property=\"og:locale\" content=\"ca_ES\" \/>\n<meta property=\"og:type\" content=\"article\" \/>\n<meta property=\"og:title\" content=\"Alquiler - Tairu\" \/>\n<meta property=\"og:description\" content=\"Descubre nuestros servicios integrales de alquiler. Te ayudamos a gestionar tu propiedad con confianza y eficiencia.\" \/>\n<meta property=\"og:url\" content=\"https:\/\/tairu.cat\/ca\/servicios\/alquiler\/\" \/>\n<meta property=\"og:site_name\" content=\"Tairu\" \/>\n<meta property=\"article:modified_time\" content=\"2024-05-21T14:05:30+00:00\" \/>\n<meta name=\"twitter:card\" content=\"summary_large_image\" \/>\n<meta name=\"twitter:label1\" content=\"Temps estimat de lectura\" \/>\n\t<meta name=\"twitter:data1\" content=\"3 minuts\" \/>\n<script type=\"application\/ld+json\" class=\"yoast-schema-graph\">{\"@context\":\"https:\\\/\\\/schema.org\",\"@graph\":[{\"@type\":\"WebPage\",\"@id\":\"https:\\\/\\\/tairu.cat\\\/ca\\\/servicios\\\/alquiler\\\/\",\"url\":\"https:\\\/\\\/tairu.cat\\\/ca\\\/servicios\\\/alquiler\\\/\",\"name\":\"Alquiler - Tairu\",\"isPartOf\":{\"@id\":\"https:\\\/\\\/tairu.cat\\\/ca\\\/#website\"},\"datePublished\":\"2023-10-23T10:06:05+00:00\",\"dateModified\":\"2024-05-21T14:05:30+00:00\",\"description\":\"Descubre nuestros servicios integrales de alquiler. Te ayudamos a gestionar tu propiedad con confianza y eficiencia.\",\"breadcrumb\":{\"@id\":\"https:\\\/\\\/tairu.cat\\\/ca\\\/servicios\\\/alquiler\\\/#breadcrumb\"},\"inLanguage\":\"ca\",\"potentialAction\":[{\"@type\":\"ReadAction\",\"target\":[\"https:\\\/\\\/tairu.cat\\\/ca\\\/servicios\\\/alquiler\\\/\"]}]},{\"@type\":\"BreadcrumbList\",\"@id\":\"https:\\\/\\\/tairu.cat\\\/ca\\\/servicios\\\/alquiler\\\/#breadcrumb\",\"itemListElement\":[{\"@type\":\"ListItem\",\"position\":1,\"name\":\"Home\",\"item\":\"https:\\\/\\\/tairu.cat\\\/ca\\\/inici\\\/\"},{\"@type\":\"ListItem\",\"position\":2,\"name\":\"Servicios\",\"item\":\"https:\\\/\\\/tairu.cat\\\/ca\\\/servicios\\\/\"},{\"@type\":\"ListItem\",\"position\":3,\"name\":\"Alquiler\"}]},{\"@type\":\"WebSite\",\"@id\":\"https:\\\/\\\/tairu.cat\\\/ca\\\/#website\",\"url\":\"https:\\\/\\\/tairu.cat\\\/ca\\\/\",\"name\":\"Tairu\",\"description\":\"\",\"potentialAction\":[{\"@type\":\"SearchAction\",\"target\":{\"@type\":\"EntryPoint\",\"urlTemplate\":\"https:\\\/\\\/tairu.cat\\\/ca\\\/?s={search_term_string}\"},\"query-input\":{\"@type\":\"PropertyValueSpecification\",\"valueRequired\":true,\"valueName\":\"search_term_string\"}}],\"inLanguage\":\"ca\"}]}<\/script>\n<!-- \/ Yoast SEO plugin. -->","yoast_head_json":{"title":"Alquiler - Tairu","description":"Descubre nuestros servicios integrales de alquiler. Te ayudamos a gestionar tu propiedad con confianza y eficiencia.","robots":{"index":"index","follow":"follow","max-snippet":"max-snippet:-1","max-image-preview":"max-image-preview:large","max-video-preview":"max-video-preview:-1"},"canonical":"https:\/\/tairu.cat\/ca\/servicios\/alquiler\/","og_locale":"ca_ES","og_type":"article","og_title":"Alquiler - Tairu","og_description":"Descubre nuestros servicios integrales de alquiler. Te ayudamos a gestionar tu propiedad con confianza y eficiencia.","og_url":"https:\/\/tairu.cat\/ca\/servicios\/alquiler\/","og_site_name":"Tairu","article_modified_time":"2024-05-21T14:05:30+00:00","twitter_card":"summary_large_image","twitter_misc":{"Temps estimat de lectura":"3 minuts"},"schema":{"@context":"https:\/\/schema.org","@graph":[{"@type":"WebPage","@id":"https:\/\/tairu.cat\/ca\/servicios\/alquiler\/","url":"https:\/\/tairu.cat\/ca\/servicios\/alquiler\/","name":"Alquiler - Tairu","isPartOf":{"@id":"https:\/\/tairu.cat\/ca\/#website"},"datePublished":"2023-10-23T10:06:05+00:00","dateModified":"2024-05-21T14:05:30+00:00","description":"Descubre nuestros servicios integrales de alquiler. Te ayudamos a gestionar tu propiedad con confianza y eficiencia.","breadcrumb":{"@id":"https:\/\/tairu.cat\/ca\/servicios\/alquiler\/#breadcrumb"},"inLanguage":"ca","potentialAction":[{"@type":"ReadAction","target":["https:\/\/tairu.cat\/ca\/servicios\/alquiler\/"]}]},{"@type":"BreadcrumbList","@id":"https:\/\/tairu.cat\/ca\/servicios\/alquiler\/#breadcrumb","itemListElement":[{"@type":"ListItem","position":1,"name":"Home","item":"https:\/\/tairu.cat\/ca\/inici\/"},{"@type":"ListItem","position":2,"name":"Servicios","item":"https:\/\/tairu.cat\/ca\/servicios\/"},{"@type":"ListItem","position":3,"name":"Alquiler"}]},{"@type":"WebSite","@id":"https:\/\/tairu.cat\/ca\/#website","url":"https:\/\/tairu.cat\/ca\/","name":"Tairu","description":"","potentialAction":[{"@type":"SearchAction","target":{"@type":"EntryPoint","urlTemplate":"https:\/\/tairu.cat\/ca\/?s={search_term_string}"},"query-input":{"@type":"PropertyValueSpecification","valueRequired":true,"valueName":"search_term_string"}}],"inLanguage":"ca"}]}},"_links":{"self":[{"href":"https:\/\/tairu.cat\/ca\/wp-json\/wp\/v2\/pages\/397","targetHints":{"allow":["GET"]}}],"collection":[{"href":"https:\/\/tairu.cat\/ca\/wp-json\/wp\/v2\/pages"}],"about":[{"href":"https:\/\/tairu.cat\/ca\/wp-json\/wp\/v2\/types\/page"}],"author":[{"embeddable":true,"href":"https:\/\/tairu.cat\/ca\/wp-json\/wp\/v2\/users\/1"}],"replies":[{"embeddable":true,"href":"https:\/\/tairu.cat\/ca\/wp-json\/wp\/v2\/comments?post=397"}],"version-history":[{"count":0,"href":"https:\/\/tairu.cat\/ca\/wp-json\/wp\/v2\/pages\/397\/revisions"}],"up":[{"embeddable":true,"href":"https:\/\/tairu.cat\/ca\/wp-json\/wp\/v2\/pages\/396"}],"wp:attachment":[{"href":"https:\/\/tairu.cat\/ca\/wp-json\/wp\/v2\/media?parent=397"}],"curies":[{"name":"wp","href":"https:\/\/api.w.org\/{rel}","templated":true}]}}